{"id":388,"date":"2015-05-31T07:32:14","date_gmt":"2015-05-31T07:32:14","guid":{"rendered":"http:\/\/www.aligruppidistudio.it\/?page_id=388"},"modified":"2015-05-31T07:32:14","modified_gmt":"2015-05-31T07:32:14","slug":"privacy-e-cookie-policy","status":"publish","type":"page","link":"http:\/\/www.aligruppidistudio.it\/?page_id=388","title":{"rendered":"Privacy e Cookie Policy"},"content":{"rendered":"<div><strong>POLITICA SULLA PRIVACY<\/strong><\/div>\n<div><strong>RACCOLTA E UTILIZZO DEI DATI PERSONALI<\/strong><\/div>\n<div><\/div>\n<div>I\u00a0Dati Personali sono informazioni che ti identificano, come per esempio il tuo nome, l&#8217;indirizzo di mail o di posta. Il sito non raccoglie dati personali se non quando l&#8217;utente li fornisce specificamente (per esempio iscrivendosi alle newsletter via\u00a0 mail o richiedendo informazioni) ed esprime il suo consenso al loro utilizzo.<\/div>\n<div><\/div>\n<div>Conserviamo, utilizziamo, o trasferiamo i dati personali solo se viene fornito il consenso e nella misura in cui \u00e8 necessario \u2013 per quanto concerne il contenuto e il limite di tempo \u2013\u00a0 per ogni caso specifico, per esempio per rispondere alle email o per soddisfare le richieste degli utenti.<\/div>\n<div><\/div>\n<div>A questo scopo potrebbe essere necessario trasferire i dati personali ad altre aziende all&#8217;interno del gruppo o a fornitori di servizi esterni per ulteriori elaborazioni dati. I fornitori dei servizi, per esempio, potrebbero essere incaricati di spedire la merce, distribuire materiale pubblicitario o effettuare comunicazioni. Richiediamo che tali parti concordino ad utilizzare i dati personali seguendo le nostre istruzioni e nel rispetto della presente nota sulla protezione dei dati.<\/div>\n<div><\/div>\n<div>Qualsiasi altro trasferimento di dati personali, per esempio il trasferimento dei dati di logon dai nostri siti ad una social community di terzi o un servizio web come Facebook o Twitter, avviene solo previo esplicito consenso dell&#8217;utente. Assicuriamo che non venderemo o cederemo i dati personali a terzi. Potrebbe tuttavia sussistere la necessit\u00e0 di rivelare le informazioni sull&#8217;utente se ci viene richiesto per legge o per disposizioni governative.<\/div>\n<div><\/div>\n<div><strong>USO DEI DATI PERSONALI PER SCOPI COMMERCIALI O DI MARKETING<\/strong><\/div>\n<div><\/div>\n<div>Se dai il tuo esplicito consenso all&#8217;utilizzo dei tuoi dati personali per scopi commerciali o di marketing, questi verranno conservati e continuamente utilizzati a questo proposito, per esempio per inviare le newsletter, tutto via e-mail o posta o tramite qualsiasi altro canale di comunicazione per il quale hai espresso il tuo consenso. Potremmo utilizzare i tuoi dati per creare e mantenere un profilo utente in modo da inviarti pubblicit\u00e0 e promozioni personalizzate. Potremmo anche usare i dati forniti per analizzare e migliorare l&#8217;efficacia dei nostri servizi web, pubblicit\u00e0, marketing, ricerche di mercato, e vendite.<\/div>\n<div><\/div>\n<div><strong>ANNULLAMENTO DEL CONSENSO<\/strong><\/div>\n<div><\/div>\n<div>Puoi annullare il tuo consenso all&#8217;utilizzo dei tuoi dati personali completamente o parzialmente in qualsiasi momento in futuro.<\/div>\n<div>Informazioni Registrate Automaticamente (Dati Non-Personali)<\/div>\n<div>Quando accedi al nostro sito, vengono automaticamente raccolte le informazioni generali che non sono legate alla persona, per esempio il nome del provider di internet (o nei network aziendali, il nome della tua azienda), il sito che hai visitato prima, le informazioni cercate sul nostro sito, la data e l&#8217;ora della ricerca ed il sistema operativo e il browser utilizzato.&lt;br \/&gt;Queste informazioni vengono raccolte ed analizzate in forma anonima. vengono utilizzate esclusivamente per migliorare l&#8217;attrattivit\u00e0, il contenuto e la funzionalit\u00e0 del nostro sito. Non vengono utilizzate per altri scopi n\u00e8 trasmesse a terzi.<\/div>\n<div><\/div>\n<div><strong>BAMBINI<\/strong><\/div>\n<div><\/div>\n<div>Non raccogliamo informazioni personali di bambini. Se riscontriamo che ci sono stati comunicati tali dati senza il consenso dei genitori o di un adulto responsabile, li cancelleremo definitivamente. per fare questo abbiamo bisogno di istruzioni da parte vostra come genitori o come persone che ne fanno le veci.<\/div>\n<div><\/div>\n<div><strong>SICUREZZA DEI DATI<\/strong><\/div>\n<div><\/div>\n<div>Tutti i dati sono salvati su server che operano con un alto livello di sicurezza e che sono protetti contro l\u2019utilizzo improprio, la perdita, la modifica o l\u2019accesso da parte di persone non autorizzate.<\/div>\n<div><\/div>\n<div><strong>AGGIORNAMENTI E VARIAZIONI<\/strong><\/div>\n<div><\/div>\n<div>Possiamo modificare o aggiornare alcune parti di questa informativa sulla protezione dei dati in qualsiasi momento e senza alcuna notifica. Ti invitiamo a controllare ogni tanto in modo da essere a conoscenza di eventuali modifiche o aggiornamenti. Indicheremo la data di entrata in vigore dell&#8217;informativa<\/div>\n<div><\/div>\n<div><strong>COOKIE<\/strong><\/div>\n<div><\/div>\n<div>Per rendere il nostro sito pi\u00f9 facile ed intuitivo facciamo uso dei cookie. I cookie sono piccole porzioni di dati che ci permettono di confrontare i visitatori nuovi e quelli passati e di capire come gli utenti navigano attraverso il nostro sito. Utilizziamo i dati raccolti grazie ai cookie per rendere l&#8217;esperienza di navigazione pi\u00f9 piacevole e pi\u00f9 efficiente in futuro.<\/div>\n<div><\/div>\n<div>I cookie non registrano alcuna informazione personale su un utente e gli eventuali\u00a0 dati identificabili non verranno memorizzati. Se si desidera disabilitare l&#8217;uso dei cookie \u00e8 necessario personalizzare le impostazioni del proprio computer impostando la cancellazione di tutti i cookie o attivando un messaggio di avviso quando i cookie vengono memorizzati. Per procedere senza modificare l&#8217;applicazione dei cookie \u00e8 sufficiente continuare con la navigazione.<\/div>\n<div><\/div>\n<div>Visita\u00a0<a href=\"http:\/\/www.aboutcookies.org\/\">AboutCookies.org<\/a>\u00a0per ulteriori informazioni sui cookie e su come influenzano la tua esperienza di navigazione.<\/div>\n<div><\/div>\n<div><strong>I tipi di cookie che utilizziamo<\/strong><\/div>\n<div><\/div>\n<div>Cookie indispensabili<\/div>\n<div><\/div>\n<div>Questi cookie sono essenziali al fine di consentire di spostarsi in tutto il sito ed utilizzare a pieno le sue caratteristiche, come ad esempio accedere alle varie aree protette del sito. Senza questi cookie alcuni servizi necessari, come la compilazione di un form per un concorso, non possono essere fruiti.<\/div>\n<div><\/div>\n<div>Performance cookie<\/div>\n<div><\/div>\n<div>Questi cookie raccolgono informazioni su come gli utenti utilizzano un sito web, ad esempio, quali sono le pagine pi\u00f9 visitare, se si ricevono messaggi di errore da pagine web. Questi cookie non raccolgono informazioni che identificano un visitatore. Tutte le informazioni raccolte tramite cookie sono\u00a0 aggregate e quindi anonime. Vengono utilizzati solo per migliorare il funzionamento di un sito web.<\/div>\n<div>Utilizzando il nostro sito, l&#8217;utente accetta che tali cookie possono essere installati sul proprio dispositivo.<\/div>\n<div><\/div>\n<div>Cookie di funzionalit\u00e0<\/div>\n<div><\/div>\n<div>I cookie consentono al sito di ricordare le scelte fatte dall\u2019utente (come il nome, la lingua o la regione di provenienza) e forniscono funzionalit\u00e0 avanzate personalizzate. Questi cookie possono essere utilizzati anche per ricordare le modifiche apportate alla dimensione del testo, font ed altre parti di pagine web che \u00e8 possibile personalizzare. Essi possono anche essere utilizzati per fornire servizi che hai chiesto come guardare un video o i commenti su un blog. Le informazioni raccolte da questi tipi di cookie possono essere rese anonime e non in grado di monitorare la vostra attivit\u00e0 di navigazione su altri siti web.<\/div>\n<div>Utilizzando il nostro sito, l&#8217;utente accetta che tali cookie possono essere installati sul proprio dispositivo.<\/div>\n<div><\/div>\n<div><strong>Come gestire i cookie sul tuo PC<\/strong><\/div>\n<div><\/div>\n<div>Se si desidera consentire i cookie dal nostro sito, si prega di seguire i passaggi riportati di seguito,<\/div>\n<div><\/div>\n<div>Google Chrome<\/div>\n<div>1. Clicca su &#8220;Strumenti&#8221; nella parte superiore della finestra del browser e selezionare Opzioni<\/div>\n<div>2. Fai clic sulla scheda &#8216;Roba da smanettoni&#8217; , individua la sezione &#8216;Privacy&#8217;, e seleziona il pulsante &#8220;Impostazioni contenuto&#8221;<\/div>\n<div>3. Ora seleziona &#8216;Consenti dati locali da impostare&#8217;<\/div>\n<div><\/div>\n<div>Microsoft Internet Explorer 6.0, 7.0, 8.0, 9.0<\/div>\n<div>1. Clicca su &#8220;Strumenti&#8221; nella parte superiore della finestra del browser e seleziona &#8216;Opzioni Internet&#8217;, quindi fai clic sulla scheda &#8216;Privacy&#8217;<\/div>\n<div>2. Per attivare i cookie nel tuo browser, assicurati che il livello di privacy \u00e8 impostato su Medio o al di sotto,<\/div>\n<div>3. Impostando il livello di privacy sopra il Medio disattiverai l\u2019utilizzo dei cookies.<\/div>\n<div><\/div>\n<div>Mozilla Firefox<\/div>\n<div>1. Clicca su &#8220;Strumenti&#8221; nella parte superiore della finestra del browser e seleziona \u201cOpzioni\u201d<\/div>\n<div>2. Quindi seleziona l&#8217;icona Privacy<\/div>\n<div>3. Fai clic su Cookie, quindi seleziona &#8216;permetto ai siti l\u2019utilizzo dei cookie&#8217;<\/div>\n<div><\/div>\n<div>Safari<\/div>\n<div>1. Fai clic sull&#8217;icona Cog nella parte superiore della finestra del browser e seleziona l&#8217;opzione &#8220;Preferenze&#8221;<\/div>\n<div>2. Fai clic su &#8216;Protezione&#8217;, seleziona l&#8217;opzione che dice &#8216;Blocco di terze parti e di cookie per la pubblicit\u00e0&#8217;<\/div>\n<div>3. Fai clic su &#8216;Salva&#8217;<\/div>\n<div><\/div>\n<div>Come gestire i cookie su Mac<\/div>\n<div>Se si desidera consentire i cookie dal nostro sito, si prega di seguire i passaggi riportati di seguito:<\/div>\n<div><\/div>\n<div>Microsoft Internet Explorer 5.0 su OSX<\/div>\n<div>1. Fai clic su &#8216;Esplora&#8217; nella parte superiore della finestra del browser e seleziona l\u2019opzione &#8220;Preferenze&#8221;<\/div>\n<div>2. Scorri verso il basso fino a visualizzare &#8220;Cookie&#8221; nella sezione File Ricezione<\/div>\n<div>3. Seleziona l&#8217;opzione &#8216;Non chiedere&#8217;<\/div>\n<div><\/div>\n<div>Safari su OSX<\/div>\n<div>1. Fai clic su &#8216;Safari&#8217; nella parte superiore della finestra del browser e seleziona l&#8217;opzione &#8220;Preferenze&#8221;<\/div>\n<div>2. Fai clic su &#8216;Sicurezza&#8217; e poi &#8216;Accetta i cookie&#8217;<\/div>\n<div>3. Seleziona \u201cSolo dal sito\u201d<\/div>\n<div><\/div>\n<div>Mozilla e Netscape su OSX<\/div>\n<div>1. Fai clic su &#8216;Mozilla&#8217; o &#8216;Netscape&#8217; nella parte superiore della finestra del browser e seleziona l&#8217;opzione &#8220;Preferenze&#8221;<\/div>\n<div>2. Scorri verso il basso fino a visualizzare i cookie sotto &#8216;Privacy e sicurezza&#8217;<\/div>\n<div>3. Seleziona &#8216;Abilita i cookie solo per il sito di origine&#8217;<\/div>\n<div><\/div>\n<div>Opera<\/div>\n<div>1. Fai clic su &#8216;Menu&#8217; nella parte superiore della finestra del browser e seleziona &#8220;Impostazioni&#8221;<\/div>\n<div>2. Quindi seleziona &#8220;Preferenze&#8221;, seleziona la scheda &#8216;Avanzate&#8217;<\/div>\n<div>3. Quindi seleziona l\u2019opzione &#8216;Accetta i cookie &#8220;<\/div>\n<div><\/div>\n<div><strong>Google Analytics<\/strong><\/div>\n<div><\/div>\n<div>Questo sito web utilizza Google Analytics, un servizio di analisi web fornito da Google , Inc. ( &#8220;Google&#8221;) . Google Analytics utilizza dei &#8220;cookies&#8221; , che sono file di testo depositati sul Vostro computer per consentire al sito web di analizzare come gli utenti utilizzano il sito . Le informazioni generate dal cookie sull&#8217;utilizzo del sito web\u00a0\u00a0 ( compreso il Vostro indirizzo IP anonimo ) verranno trasmesse e depositate presso i server di Google negli Stati Uniti. Google utilizzer\u00e0 queste informazioni allo scopo di esaminare il Vostro utilizzo del sito web, compilare report sulle attivit\u00e0 del sito per gli operatori dello stesso e fornire altri servizi relativi alle attivit\u00e0 del sito web e all&#8217;utilizzo di internet. Google pu\u00f2 anche trasferire queste informazioni a terzi ove ci\u00f2 sia imposto dalla legge o laddove tali terzi trattino le suddette informazioni per conto di Google . Google non assocer\u00e0 il vostro indirizzo IP a nessun altro dato posseduto da Google. Potete rifiutarvi di usare i cookies selezionando l&#8217;impostazione appropriata sul vostro browser, ma si prega di notare che se si fa questo non si pu\u00f2 essere in grado di utilizzare tutte le funzionalit\u00e0 di questo sito web . Utilizzando il presente sito web, voi acconsentite al trattamento dei Vostri dati da parte di Google per le modalit\u00e0 ed i fini sopraindicati .<\/div>\n<div><\/div>\n<div>Si pu\u00f2 impedire a Google il rilevamento di un cookie che viene generato a causa di e legato al Vostro utilizzo di questo sito web (compreso il Vostro indirizzo IP) e l&#8217;elaborazione di tali dati scaricando e installando questo plugin per il browser :<a href=\"http:\/\/tools.google.com\/dlpage\/gaoptout?hl=en\">http:\/\/tools.google.com\/dlpage\/gaoptout?hl=en<\/a><\/div>\n","protected":false},"excerpt":{"rendered":"<p>POLITICA SULLA PRIVACY RACCOLTA E UTILIZZO DEI DATI PERSONALI I\u00a0Dati Personali sono informazioni che ti identificano, come per esempio il tuo nome, l&#8217;indirizzo di mail o di posta. Il sito non raccoglie dati personali se non quando l&#8217;utente li fornisce specificamente (per esempio iscrivendosi alle newsletter via\u00a0 mail o richiedendo informazioni) ed esprime il suo [&hellip;]<\/p>\n","protected":false},"author":1,"featured_media":0,"parent":0,"menu_order":0,"comment_status":"closed","ping_status":"closed","template":"","meta":{"footnotes":""},"_links":{"self":[{"href":"http:\/\/www.aligruppidistudio.it\/index.php?rest_route=\/wp\/v2\/pages\/388"}],"collection":[{"href":"http:\/\/www.aligruppidistudio.it\/index.php?rest_route=\/wp\/v2\/pages"}],"about":[{"href":"http:\/\/www.aligruppidistudio.it\/index.php?rest_route=\/wp\/v2\/types\/page"}],"author":[{"embeddable":true,"href":"http:\/\/www.aligruppidistudio.it\/index.php?rest_route=\/wp\/v2\/users\/1"}],"replies":[{"embeddable":true,"href":"http:\/\/www.aligruppidistudio.it\/index.php?rest_route=%2Fwp%2Fv2%2Fcomments&post=388"}],"version-history":[{"count":1,"href":"http:\/\/www.aligruppidistudio.it\/index.php?rest_route=\/wp\/v2\/pages\/388\/revisions"}],"predecessor-version":[{"id":389,"href":"http:\/\/www.aligruppidistudio.it\/index.php?rest_route=\/wp\/v2\/pages\/388\/revisions\/389"}],"wp:attachment":[{"href":"http:\/\/www.aligruppidistudio.it\/index.php?rest_route=%2Fwp%2Fv2%2Fmedia&parent=388"}],"curies":[{"name":"wp","href":"https:\/\/api.w.org\/{rel}","templated":true}]}}